{"id":10031,"date":"2021-11-18T14:00:00","date_gmt":"2021-11-18T13:00:00","guid":{"rendered":"https:\/\/www.ghg.no\/?page_id=10031"},"modified":"2021-12-03T15:54:02","modified_gmt":"2021-12-03T14:54:02","slug":"personvernerklaering-for-den-registrerte","status":"publish","type":"page","link":"https:\/\/www.ghg.no\/en\/om-oss\/personvernerklaering-for-den-registrerte\/","title":{"rendered":"Personvernerkl\u00e6ring for den registrerte"},"content":{"rendered":"<p><u>Personvernerkl\u00e6ring for den registrerte <\/u><\/p>\n<p>Gram, Hambro &amp; Garman Advokatfirma AS er behandlingsansvarlig for personopplysninger. Gram, Hambro &amp; Garman Advokatfirma AS bestemmer form\u00e5let med behandlingen og hvilke midler som skal benyttes ved denne behandlingen. Gram, Hambro &amp; Garman Advokatfirma AS er opptatt av at du skal ha tillit til at dine personopplysninger behandles forsvarlig og trygt hos oss. Behandling av personopplysninger hos Gram, Hambro &amp; Garman Advokatfirma AS er underlagt personopplysningsloven med dennes videre henvisning til EUs personvernforordning. Kontaktinformasjonen til Gram, Hambro &amp; Garman Advokatfirma AS er:<\/p>\n<p>Gram, Hambro &amp; Garman Advokatfirma AS (org.nr. 980 407\u00a0543)<\/p>\n<p>R\u00e5dhusgata 5B<\/p>\n<p>0151 Oslo<\/p>\n<p>Denne personvernserkl\u00e6ringen retter seg mot Gram, Hambro &amp; Garman Advokatfirma AS sin behandling av personopplysninger av f\u00f8lgende personer:<\/p>\n<ol>\n<li>Privatklienter<\/li>\n<li>Kontaktpersoner hos bedriftsklienter.<\/li>\n<li>Klienter i straffesaker.<\/li>\n<li>Kontaktpersoner hos v\u00e5re leverand\u00f8rer og samarbeidspartnere.<\/li>\n<li>Andre personer involvert i saker vi bist\u00e5r i eller som p\u00e5 annen m\u00e5te er omtalt i saksdokumenter Gram, Hambro &amp; Garman Advokatfirma AS f\u00e5r tilgang til.<\/li>\n<\/ol>\n<p>Hos Gram, Hambro &amp; Garman Advokatfirma AS er Vivi Cecilie Bjerkaas personvernsansvarlig. Dette vil si at sp\u00f8rsm\u00e5l og klager ang\u00e5ende behandlingen av personopplysninger hos Gram, Hambro &amp; Garman Advokatfirma AS rettes til Vivi Cecilie Bjerkaas p\u00e5 e-post vb@ghg.no. Likes\u00e5 kan slike henvendelser ogs\u00e5 rettes til ansvarlig advokat slik dette fremg\u00e5r i oppdragsbekreftelsen. Gram, Hambro &amp; Garman Advokatfirma AS oppfordrer alle personer nevnt ovenfor til \u00e5 gj\u00f8re seg kjent med f\u00f8lgende:<\/p>\n<ol>\n<li>Terminologi<\/li>\n<li>Form\u00e5l<\/li>\n<li>Grunnlag for behandling<\/li>\n<li>Dine rettigheter<\/li>\n<li>Innsamling<\/li>\n<li>Lagring<\/li>\n<li>Utlevering\/deling av personopplysninger<\/li>\n<li>Bruk av personopplysninger<\/li>\n<li>Sikkerhet<\/li>\n<li>Endringer<\/li>\n<\/ol>\n<p>Ved sp\u00f8rsm\u00e5l oppfordres du til \u00e5 henvende deg til personvernansvarlig eller ansvarlig advokat, som beskrevet ovenfor. Videre \u00f8nsker Gram, Hambro &amp; Garman Advokatfirma AS \u00e5 informere om at behandlingsgrunnlagene etter personopplysningsloven ikke er gjensidig utelukkende og at Gram, Hambro &amp; Garman Advokatfirma AS kan bygge behandling sin p\u00e5 flere behandlingsgrunnlag, se punkt 3 for relevante behandlingsgrunnlag.<\/p>\n<p>&nbsp;<\/p>\n<ol>\n<li><u>Terminologi <\/u><\/li>\n<\/ol>\n<ul>\n<li><strong>De(n) registrerte <\/strong>er en identifiserbar fysisk person som direkte eller indirekte kan identifiseres, ved eksempelvis identifikator herunder, men ikke begrenset til, navn, identifikasjonsnummer, lokaliseringsopplysninger og ID-nummer m.m.<\/li>\n<li><strong><em>Personopplysninger<\/em> <\/strong>er alle opplysninger og vurderinger som direkte eller indirekte kan knyttes til deg som enkeltperson.<\/li>\n<li><strong><em>Behandling<\/em><\/strong> er enhver operasjon eller rekke av operasjoner som utf\u00f8res med personopplysninger. Dette inneb\u00e6rer, men er ikke begrenset til, innsamling, registrering, organisering, strukturering, lagring, tilpasning, endring, gjenfinning, konsultering, bruk, spredning m.m.<\/li>\n<li><strong><em>Sensitiv personopplysninger<\/em><\/strong> er alle opplysninger om rasemessig eller etnisk opprinnelse, politisk oppfatning, religion, filosofisk overbevisning, fagforeningsmedlemskap, genetiske opplysninger, biometriske opplysninger med det form\u00e5l \u00e5 entydig identifisere noen, helseopplysninger, seksuelle forhold og seksuell legning.<\/li>\n<li><strong><em>Behandlingsansvarlig<\/em><\/strong> er det prim\u00e6re pliktsubjektet og ansvarlig for \u00e5 overholde personvernregelverket. Behandlingsansvarlig er den eller de som \u00abbestemmer form\u00e5let med behandlingen av personopplysninger og hvilke midler som skal benyttes\u00bb.<\/li>\n<li><strong><em>Databehandler<\/em><\/strong> er den eller de som \u00abbehandler personopplysninger p\u00e5 vegne av den behandlingsansvarlige\u00bb.<\/li>\n<li><strong><em>Bedriftsklient <\/em><\/strong>er enhver juridisk person representert ved en eller flere fysiske personer som bist\u00e5s av Gram, Hambro &amp; Garman Advokatfirma AS.<\/li>\n<li><strong><em>Klient<\/em><\/strong><em> er<\/em> enhver fysisk person som bist\u00e5s av Gram, Hambro &amp; Garman Advokatfirma AS.<\/li>\n<\/ul>\n<p><em>\u00a0<\/em><\/p>\n<ol start=\"2\">\n<li><u>Form\u00e5l <\/u><\/li>\n<\/ol>\n<p>Form\u00e5let med behandlingen av dine personopplysninger er f\u00f8lgende:<\/p>\n<ul>\n<li>Etablering av klientforhold:<\/li>\n<\/ul>\n<p>Ved etablering av klientforhold vil Gram, Hambro &amp; Garman Advokatfirma AS, foreta en uavhengighetssjekk internt (konfliktavklaring). Konfliktavklaring av privatkunder omfatter som regel fullt navn, hva saken gjelder og, hvis relevant, unders\u00f8kelse av kredittverdighet. Som hovedregel vil en slik konflikavklaring p\u00e5 vegne av bedriftsklienter ikke inneb\u00e6re behandling av personopplysninger. Dersom oppdraget aksepteres av Gram, Hambro &amp; Garman Advokatfirma AS vil den fremkommende informasjonen registres.<\/p>\n<p>Behandlingsgrunnlaget Gram, Hambro &amp; Garman Advokatfirma AS bygger p\u00e5 ved etablering av klientforhold er n\u00e6rmere beskrevet i punkt 3.1 og 3.3 under.<\/p>\n<ul>\n<li>Tjenestelevering:<\/li>\n<\/ul>\n<p>Gram, Hambro &amp; Garman Advokatfirma AS samler inn og bruker personopplysninger om deg for \u00e5 kunne yte juridisk bistand. Dette inneb\u00e6rer at Gram, Hambro &amp; Garman Advokatfirma AS i tillegg til klientens personopplysninger ogs\u00e5 f\u00e5r tilgang til personopplysninger fra parter eller enkeltpersoner som ber\u00f8res av Gram, Hambro &amp; Garman Advokatfirma AS sin tjenestelevering. Slike opplysninger kan fremkomme av dokumenter klienten oversender eller annen korrespondanse ved utf\u00f8relsen av den juridiske bistanden. Hvilke opplysninger som behandles vil naturligvis variere med de forskjellige oppdragene. Dette vil si at det ved noen oppdrag vil v\u00e6re n\u00f8dvendig at Gram, Hambro &amp; Garman Advokatfirma AS behandler sensitiv informasjon, mens det ved andre oppdrag kun vil v\u00e6re behov for behandling av alminnelige personopplysninger.<\/p>\n<p>Behandlingsgrunnlaget Gram, Hambro &amp; Garman Advokatfirma AS bygger p\u00e5 ved sin tjenestelevering er n\u00e6rmere beskrevet i punkt 3.3 under.<\/p>\n<ul>\n<li>Klientadministrasjon<\/li>\n<\/ul>\n<p>Gram, Hambro &amp; Garman Advokatfirma AS oppretter egne saksmapper for oppdrag som utf\u00f8res p\u00e5 vegne av klient. Tid og kostnader som er p\u00e5l\u00f8pt p\u00e5 en sak registreres i Gram, Hambro &amp; Garman Advokatfirma AS sitt regnskapssystem.<\/p>\n<p>Behandlingsgrunnlaget Gram, Hambro &amp; Garman Advokatfirma AS bygger p\u00e5 ved sin klientadministrasjon er n\u00e6rmere beskrevet i punkt 3.1 og 3.3 under.<\/p>\n<ul>\n<li>Fakturering<\/li>\n<\/ul>\n<p>Kontaktopplysninger som er mottatt fra bedriftsklienter benyttes for \u00e5 merke faktura som sendes til bedriften dersom klienten ber om dette. For privatkunder, benyttes personens private postadresse for utsendelse av faktura.<\/p>\n<p>Behandlingsgrunnlaget Gram, Hambro &amp; Garman Advokatfirma AS bygger p\u00e5 ved fakturering er n\u00e6rmere beskrevet i punkt 3.1 og 3.3 under.<\/p>\n<ul>\n<li>Markedsf\u00f8ring og annen kommunikasjon:<\/li>\n<\/ul>\n<p>Gram, Hambro &amp; Garman Advokatfirma AS forbeholder seg retten til \u00e5 kontakte deg selv om det ikke l\u00f8per ett klientforhold hos Gram, Hambro &amp; Garman Advokatfirma AS. Med mindre samtykke er p\u00e5krevd etter lov, vil Gram, Hambro &amp; Garman Advokatfirma AS ta kontakt med deg ut fra en interesseavveining. Dette inneb\u00e6rer at Gram, Hambro &amp; Garman Advokatfirma AS uten samtykke kan kontakte deg ved blant annet telefon og e-post ang\u00e5ende klientforhold eller annen profesjonell relasjon til Gram, Hambro &amp; Garman Advokatfirma AS.<\/p>\n<p>Behandlingsgrunnlaget Gram, Hambro &amp; Garman Advokatfirma AS bygger p\u00e5 ved markedsf\u00f8ring og annen kommunikasjon er n\u00e6rmere beskrevet i punkt 3.2 og 3.3 under.<\/p>\n<ul>\n<li>Juridiske forpliktelser<\/li>\n<\/ul>\n<p>Gram, Hambro &amp; Garman Advokatfirma AS behandler personopplysninger for \u00e5 kunne overholde juridiske forpliktelser. Slik lovgivning er, men ikke begrenset til, regnskapslovgivning, skattelovgivning og hvitvaskingslovgivning.<\/p>\n<p>Behandlingsgrunnlaget til Gram, Hambro &amp; Garman Advokatfirma AS er n\u00e6rmere beskrevet i punkt 3.2 under.<\/p>\n<ul>\n<li>Forsvare og garantere at juridiske rettigheter er i samsvar med lov.<\/li>\n<\/ul>\n<p>Gram, Hambro &amp; Garman Advokatfirma AS behandler personopplysninger for \u00e5 hindre urett og opprettholde rett. I dette ligger det at Gram, Hambro &amp; Garman Advokatfirma AS vil behandle personopplysninger dersom dette vil v\u00e6re relevant for rettskrav eller andre juridiske problemstillinger, herunder men ikke begrenset til, bedrageri eller annen strafferettslig forf\u00f8lgning.<\/p>\n<p>Behandlingsgrunnlaget Gram, Hambro &amp; Garman Advokatfirma AS bygger p\u00e5 for \u00e5 forsvare og garantere juridiske rettigheter er n\u00e6rmere beskrevet i punkt 3.3.<\/p>\n<p>&nbsp;<\/p>\n<p>&nbsp;<\/p>\n<ul>\n<li>IT-drift og sikkerhet<\/li>\n<\/ul>\n<p>Personopplysninger som er lageret i v\u00e5re IT-systemer vil kunne v\u00e6re tilgjengelig for oss eller v\u00e5re leverand\u00f8rer i forbindelse med oppdatering av systemer, implementering eller oppf\u00f8lgning av sikkerhetstiltak, feilretting eller annet vedlikehold.<\/p>\n<p>Behandlingsgrunnlaget Gram, Hambro &amp; Garman Advokatfirma AS bygger p\u00e5 ved IT-drift og sikkerhet er n\u00e6rmere beskrevet i punkt 3.2 under.<\/p>\n<p>&nbsp;<\/p>\n<ol start=\"3\">\n<li><u>Grunnlag for behandling<\/u><\/li>\n<\/ol>\n<p>Behandling av personopplysninger krever behandlingsgrunnlag og er i alminnelighet regulert i personvernforordningen art. 6. For s\u00e6rlige kategorier av personopplysninger, herunder sensitive personopplysninger, f\u00f8lger behandlingsgrunnlaget av art. 9.<\/p>\n<p>For tilfeller som omfattes av rettspleieunntaket i personopplysingsloven \u00a7 2 (2) b vil hverken personopplysningsloven eller personvernloven gjelde. Dette inneb\u00e6rer at det ikke vil v\u00e6re n\u00f8dvendig \u00e5 p\u00e5vise et behandlingsgrunnlag, ei heller vil \u00f8vrige reguleringer for personvern gjelde. Unntaket omfatter saker som behandles eller avgj\u00f8res i medhold av rettspleieloven, herunder domstolloven, straffeprosessloven, tvisteloven, tvangsfullbyrdelsesloven m.m.<\/p>\n<p>Gram, Hambro &amp; Garman Advokatfirma AS har f\u00f8lgende behandlingsgrunnlag, v\u00e6r oppmerksom p\u00e5 at listen ikke er utt\u00f8mmende:<\/p>\n<p>&nbsp;<\/p>\n<ul>\n<li><em>Avtale art. 6 (1) b, 9 (2) b <\/em><\/li>\n<\/ul>\n<p>B\u00e5de behandling av personopplysninger og sensitive personopplysninger vil v\u00e6re lovlig dersom dette er n\u00f8dvendig i forbindelse med avtale, eller n\u00e5r det foreligger en hensikt om \u00e5 inng\u00e5 avtale.<\/p>\n<p>&nbsp;<\/p>\n<ul>\n<li><em>Lov og allmenhetens interesse art. 6 (1) c og e<\/em><\/li>\n<\/ul>\n<p>Gram, Hambro &amp; Garman Advokatfirma AS har en rapporteringsplikt etter hvitvaskingsloven \u00a7 4 (2) c. Din legitimasjon er innhentet i henhold til samme lov.<\/p>\n<p>Gram, Hambro &amp; Garman Advokatfirma AS er etter art. 32 forpliktet til \u00e5 ha tilfredsstillende informasjonssikkerhet og behandler dermed personopplysninger i tr\u00e5d med punkt 2.8 ovenfor.<\/p>\n<p>Det tas her forbehold om Gram, Hambro &amp; Garman Advokatfirma AS til enhver tid ogs\u00e5 vil kunne behandle personopplysninger dersom dette er i allmennhetens interesse. Forordene til personvernforordningen nevner imidlertid at slike alminnelige interesser b\u00f8r komme frem av lov. I hvilke tilfeller Gram, Hambro &amp; Garman Advokatfirma AS har en berettiget interesse som ivaretar allmenhetens interesser vurderes l\u00f8pende og etter en konkret vurdering.<\/p>\n<p>&nbsp;<\/p>\n<ul>\n<li>Interesseavveining art.6 (1) f.<\/li>\n<\/ul>\n<p>N\u00e5r interesseavveiing benyttes som et behandlingsgrunnlag gj\u00f8r Gram, Hambro &amp; Garman Advokatfirma AS en avveining av den enkeltes behov for personvern opp mot Gram, Hambro &amp; Garman Advokatfirma AS sine interesser. Eksempelvis vil f\u00f8lgende forhold vurderes:<\/p>\n<ol>\n<li>Hva oppn\u00e5r Gram, Hambro &amp; Garman Advokatfirma AS ved behandling av personopplysninger?<\/li>\n<li>Hvor viktig er det Gram, Hambro &amp; Garman Advokatfirma AS oppn\u00e5r ved behandlingen?<\/li>\n<li>Hva slags personopplysninger er det tale om?<\/li>\n<li>Er ulempene ved behandlingen vedvarende over tid?<\/li>\n<li>Vil personopplysningene offentliggj\u00f8res eller deles med andre virksomheter?<\/li>\n<li>Kan behandlingen ha positive konsekvenser for den registrerte?<\/li>\n<li>Kan behandlingen ha negative konsekvenser for den registrerte?<\/li>\n<li>Har den registrerte en berettiget forventning i at personopplysningene ikke behandles?<\/li>\n<li>Hva er risikoen for at personopplysningene kommer p\u00e5 avveie?<\/li>\n<li>Er det spesielle forhold ved den registrerte som trekker i en spesiell eller s\u00e6regen retning?<\/li>\n<li>Er det mulig \u00e5 behandle personopplysningene p\u00e5 en mindre inngripende m\u00e5te?<\/li>\n<li>Er det adgang til \u00e5 reservere seg mot behandlingen?<\/li>\n<\/ol>\n<p>Som regel behandler Gram, Hambro &amp; Garman Advokatfirma AS personopplysninger for \u00e5 kunne tilby juridiske tjenester. Dette gj\u00f8res ved \u00e5 unders\u00f8ke, forf\u00f8lge eller forsvare juridiske krav.<\/p>\n<p>&nbsp;<\/p>\n<ol start=\"4\">\n<li><u>Dine rettigheter <\/u><\/li>\n<\/ol>\n<p>Som den registrerte har du rettigheter etter personvernlovgivningen, herunder har du rett til informasjon om hvordan Gram, Hambro &amp; Garman Advokatfirma AS behandler dine personopplysninger. I dette ligger det at du skal kunne forst\u00e5 til hvilke form\u00e5l Gram, Hambro &amp; Garman Advokatfirma AS behandlinger dine personopplysninger, hvilke rettigheter du har, hvordan du kan gj\u00f8re disse gjeldende og hvilke konsekvenser behandlingen kan ha for deg.<\/p>\n<p>&nbsp;<\/p>\n<ul>\n<li>Rett til \u00e5 f\u00e5 tilgang<\/li>\n<\/ul>\n<p>Du har rett til \u00e5 f\u00e5 innsyn i egne personopplysninger. Dette inneb\u00e6rer at du har rett til \u00e5 bli informert om behandlingen Gram, Hambro &amp; Garman Advokatfirma AS gjennomf\u00f8rer. I tillegg har du rett til \u00e5 f\u00e5 utlevert kopi av dine personopplysninger. For \u00e5 sikre at personopplysninger utleveres til rett person, kan vi stille krav om at begj\u00e6ring av innsyn skjer skriftlig eller at identiteten verifiseres p\u00e5 annen m\u00e5te.<\/p>\n<p>&nbsp;<\/p>\n<ul>\n<li>Rett til korrigering<\/li>\n<\/ul>\n<p>Dersom opplysningene om deg ikke er n\u00f8yaktige kan det bes om at disse opplysningene korrigeres eller oppdateres.<\/p>\n<p>&nbsp;<\/p>\n<ul>\n<li>Rett til sletting<\/li>\n<\/ul>\n<p>Dersom det hverken er behov eller det er lovmessig p\u00e5lagt vil Gram, Hambro &amp; Garman Advokatfirma AS slette personopplysninger om deg ved foresp\u00f8rsel. Ved tilfelle av samtykke vil dette si at personopplysningene slettes dersom det ikke finnes annet behandlings eller rettslig grunnlag, slik beskrevet i punkt 3.<\/p>\n<p>&nbsp;<\/p>\n<ul>\n<li>Rett til dataportabilitet<\/li>\n<\/ul>\n<p>Du har rett til \u00e5 gjenbruke personopplysninger du har gitt Gram, Hambro &amp; Garman Advokatfirma AS. Dette vil si at du har rett til \u00e5 utlevere personopplysningene selv eller at Gram, Hambro &amp; Garman Advokatfirma AS utleverer dine personopplysninger til en annen virksomhet. Gram, Hambro &amp; Garman Advokatfirma AS utleverer slike personopplysninger enten elektronisk eller per papir.<\/p>\n<p>&nbsp;<\/p>\n<p>Det gj\u00f8res oppmerksom p\u00e5 at retten til dataportabilitet kun gjelder opplysninger du har gitt Gram, Hambro &amp; Garman Advokatfirma AS.<\/p>\n<p>&nbsp;<\/p>\n<ul>\n<li>Rett til \u00e5 begrense bruk<\/li>\n<\/ul>\n<p>I enkelte tilfeller har du rett til \u00e5 begrense behandlingen av personopplysningene dine.<\/p>\n<p>&nbsp;<\/p>\n<ul>\n<li>Rett til reservasjon<\/li>\n<\/ul>\n<p>Du har rett til \u00e5 reservere deg mot innsamling og bruk av personopplysninger for visse form\u00e5l. Punkt 2.2 vil kunne v\u00e6re et slik form\u00e5l.<\/p>\n<p>&nbsp;<\/p>\n<ul>\n<li>Rett til klage<\/li>\n<\/ul>\n<p>Du har rett til \u00e5 b\u00e5de p\u00e5klage eller stille sp\u00f8rsm\u00e5l ved Gram, Hambro &amp; Garman Advokatfirma AS sin behandling av personopplysninger.<\/p>\n<p>Dersom du \u00f8nsker \u00e5 klage kan du ta kontakt med Datatilsynet p\u00e5 datatilsynet.no<\/p>\n<p>Dersom du har sp\u00f8rsm\u00e5l eller \u00f8nsker \u00e5 klage kan dette ogs\u00e5 gj\u00f8res ved \u00e5 kontakte ansvarlig advokat eller personvernansvarlig p\u00e5 vb@ghg.no.<\/p>\n<p>&nbsp;<\/p>\n<ul>\n<li>Rett til \u00e5 trekke samtykke<\/li>\n<\/ul>\n<p>Du har en rett til \u00e5 trekke et avgitt samtykke, likevel slik at et tilbaketrekk av samtykke ikke n\u00f8dvendigvis vil medf\u00f8re at dine personopplysninger slettes.<\/p>\n<p>&nbsp;<\/p>\n<ol start=\"5\">\n<li><u>Hvilken informasjon som samles <\/u><\/li>\n<\/ol>\n<p>Informasjonen som samles inn, vil v\u00e6re relevant informasjon i forbindelse med juridisk bistand og advokatvirksomhet ellers. Slik informasjon vil herunder omfatte, men ikke v\u00e6re begrenset til:<\/p>\n<p>&nbsp;<\/p>\n<ol>\n<li>Kontaktinformasjon som navn, adresse, e-post, telefonnummer og, hvis relevant, stillingsbenevnelse og arbeidssted.<\/li>\n<li>Demografisk informasjon, slik som f\u00f8dselsdato, kj\u00f8nn, statsborgerskap og i visse tilfeller sivilstatus og strafferettslig informasjon, som er omfattet av samtykke for sensitive personopplysninger.<\/li>\n<li>F\u00f8dselsnummer og legitimasjon i henhold til hvitvaskingsloven av 2018, jf. \u00a7 12.<\/li>\n<li>Skattepliktig- og regnskapspliktig personopplysninger som l\u00f8nn, arbeidskontrakter, rapporter og lignende.<\/li>\n<li>Opplysninger knyttet til arv mv. i de saker som gjelder dette.<\/li>\n<li>Opplysninger knyttet til innfordring av pengekrav i de saker dette gjelder.<\/li>\n<li><\/li>\n<\/ol>\n<p>&nbsp;<\/p>\n<ol start=\"6\">\n<li><u>Lagring <\/u><\/li>\n<\/ol>\n<p>Lagring av personopplysninger vil skje s\u00e5 lenge det er n\u00f8dvendig for \u00e5 oppfylle form\u00e5lene slik de er beskrevet i denne Personvernerkl\u00e6ringen. Disse form\u00e5lene blir supplert av lovp\u00e5lagte krav til lagringstid.<\/p>\n<p>&nbsp;<\/p>\n<ul>\n<li>Personopplysninger som navn, adresse, f\u00f8dselsnummer og legitimasjon vil bli lagret i 5 \u00e5r i henhold til Hvitvaskingsloven \u00a7 30.<\/li>\n<li>Personopplysninger som navn, adresse, f\u00f8dselsnummer og statsborgerskap vil bli lagret i 5 \u00e5r i henhold til Bokf\u00f8ringsloven \u00a7 13.<\/li>\n<li>Personopplysninger som navn, adresse, f\u00f8dselsnummer, statsborgerskap, arbeidskontrakter og l\u00f8nnsoversikter kan bli lagret i mer 5 \u00e5r i henhold til Skatteforvaltningsloven \u00a7 11-3. Slikt grunnlag f\u00f8lger av lov og vil bli gitt til den skattepliktige selv.<\/li>\n<li>Personopplysninger som navn, adresse, f\u00f8dselsnummer, arbeidskontrakt, fagforeningsmedlemskap og \u00f8vrige personopplysninger som kan v\u00e6re relevant ved en rettssak, vil bli lagret i 3 \u00e5r etter den alminnelige foreldelsesfristen, jf. Foreldelsesloven \u00a7 2. Dersom det er usikkerhet om det kan oppst\u00e5 tvist etter tre \u00e5r etter at oppdraget er avsluttet, s\u00e5 kan informasjonen lagres i opptil 10 \u00e5r, jf. Foreldelsesloven \u00a7 10 (4).<\/li>\n<li>Gram, Hambro &amp; Garman Advokatfirma AS benytter seg av DataLex for oppbevaring av saksdokumenter. DataLex er v\u00e5r databehandler og er p\u00e5lagt \u00e5 ivareta dine personopplysninger etter forordningen og lovverket. Gram, Hambro &amp; Garman Advokatfirma AS har databehandleravtale med DataLex, slik at dine personvernrettigheter blir ivaretatt.<\/li>\n<li>Gram, Hambro &amp; Garman Advokatfirma AS innhenter personopplysninger via klientens representanter, med datasubjektet for personopplysningene direkte og offentlige registre.<\/li>\n<li>Personal data stored in connection with legal assignments are routinely stored for 10 years after the assignment has been completed, in accordance with the Norwegian Bar Association&#039;s recommendations. The assignment could be stored for more than 10 years if we have a legal basis for processing and need for further storage of personal data.<\/li>\n<\/ul>\n<p>&nbsp;<\/p>\n<ol start=\"7\">\n<li><u>Utlevering\/deling av personopplysninger<\/u><\/li>\n<\/ol>\n<p>We will not pass on your personal information to others unless there is a legal basis for such disclosure. Examples of such a basis will typically be an agreement with you or a legal basis that requires us to disclose the information, including the accounting and money laundering rules.<\/p>\n<p>&nbsp;<\/p>\n<p>In order to run our business, we rely on partners who can assist with the development, delivery and operation of our ICT systems. Our subcontractors will be able to access personal information that we process as part of their delivery and operation of our ICT systems. All our data processors are located within the EEA and are required to comply with applicable privacy laws, including necessary technical and organizational measures to ensure that personal information we have collected is securely protected and processed. We have entered into written data processing agreements with all our subcontractors.<\/p>\n<p>Advokater er underlagt en straffesanksjonert taushetsplikt som f\u00f8lger av straffeloven \u00a7 111. Alle opplysninger som blir betrodd oss i forbindelse med et oppdrag blir h\u00e5ndtert konfidensielt.<\/p>\n<p>&nbsp;<\/p>\n<ol start=\"8\">\n<li><u>Bruk av personopplysninger<\/u><\/li>\n<\/ol>\n<p>Dine personopplysninger vil bli brukt der det er n\u00f8dvendig i den juridiske bistanden Gram, Hambro &amp; Garman Advokatfirma AS skal gj\u00f8re for og p\u00e5 vegne av deg som klient. Slike n\u00f8dvendige situasjoner vil v\u00e6re, men er ikke begrenset til, representasjon ovenfor motparter, ved innlevering av stevninger eller andre dokumenter til offentlige myndigheter, i relasjon til fakturering og andre situasjoner som er naturlig og n\u00e6rliggende ved advokatvirksomhet. I tillegg behandler vi personopplysninger der det foreligger lovfestede plikter.<\/p>\n<p>&nbsp;<\/p>\n<ol start=\"9\">\n<li><u>Sikkerhet <\/u><\/li>\n<\/ol>\n<p>Gram, Hambro &amp; Garman Advokatfirma AS har etablert prosedyrer for \u00e5 h\u00e5ndtere personopplysninger og klientinformasjon generelt p\u00e5 en sikker m\u00e5te. Tiltakene er av teknisk, avtalemessig og organisatorisk art. Gram, Hambro &amp; Garman Advokatfirma AS foretar jevnlige vurderinger av sikkerheten i alle sentrale systemer som benyttes for h\u00e5ndtering av personopplysninger, og det er inng\u00e5tt avtaler som p\u00e5legger leverand\u00f8rer av slike systemer \u00e5 s\u00f8rge for tilfredsstillende informasjonssikkerhet.<\/p>\n<p>Tilgang til personopplysninger og saksinformasjon er begrenset til personell som har behov for tilgang for \u00e5 utf\u00f8re sine oppgaver. Dette inneb\u00e6rer at Gram, Hambro &amp; Garman Advokatfirma AS har mekanismer for tilgangsstyring slik at personopplysninger og saksinformasjon kan skjermes for personer som ikke aktivt jobber med det aktuelle oppdraget.<\/p>\n<p>Gram, Hambro &amp; Garman Advokatfirma AS har vedtatt interne IT-retningslinjer og det forets oppl\u00e6ring av ansatte med hensyn til sikkerhet og bruk av IT-systemer.<\/p>\n<p>&nbsp;<\/p>\n<ol start=\"10\">\n<li><u>Endringer<\/u><\/li>\n<\/ol>\n<p>Vesentlig endringer i innholdet i denne personvernerkl\u00e6ringen vil sendes til bedriftsklienten. Ellers vil vi kunne gj\u00f8re mindre endringer i denne personvernserkl\u00e6ringen. Disse endringene gj\u00f8res fortl\u00f8pende og du vil alltid finne siste versjon p\u00e5 nettsiden.<\/p>","protected":false},"excerpt":{"rendered":"<p>Personvernerkl\u00e6ring for den registrerte Gram, Hambro &amp; Garman Advokatfirma AS er behandlingsansvarlig for personopplysninger. Gram, Hambro &amp; Garman Advokatfirma AS bestemmer form\u00e5let med behandlingen og hvilke midler som skal benyttes ved denne behandlingen. Gram, Hambro &amp; Garman Advokatfirma AS er opptatt av at du skal ha tillit til at dine personopplysninger behandles forsvarlig og trygt&#8230;<\/p>","protected":false},"author":2,"featured_media":0,"parent":7778,"menu_order":5,"comment_status":"closed","ping_status":"closed","template":"","meta":{"_acf_changed":false,"footnotes":""},"class_list":["post-10031","page","type-page","status-publish","hentry"],"acf":[],"_links":{"self":[{"href":"https:\/\/www.ghg.no\/en\/wp-json\/wp\/v2\/pages\/10031","targetHints":{"allow":["GET"]}}],"collection":[{"href":"https:\/\/www.ghg.no\/en\/wp-json\/wp\/v2\/pages"}],"about":[{"href":"https:\/\/www.ghg.no\/en\/wp-json\/wp\/v2\/types\/page"}],"author":[{"embeddable":true,"href":"https:\/\/www.ghg.no\/en\/wp-json\/wp\/v2\/users\/2"}],"replies":[{"embeddable":true,"href":"https:\/\/www.ghg.no\/en\/wp-json\/wp\/v2\/comments?post=10031"}],"version-history":[{"count":0,"href":"https:\/\/www.ghg.no\/en\/wp-json\/wp\/v2\/pages\/10031\/revisions"}],"up":[{"embeddable":true,"href":"https:\/\/www.ghg.no\/en\/wp-json\/wp\/v2\/pages\/7778"}],"wp:attachment":[{"href":"https:\/\/www.ghg.no\/en\/wp-json\/wp\/v2\/media?parent=10031"}],"curies":[{"name":"wp","href":"https:\/\/api.w.org\/{rel}","templated":true}]}}