{"id":31,"date":"2013-03-22T14:19:51","date_gmt":"2013-03-22T14:19:51","guid":{"rendered":"http:\/\/lawyers-attorneys.vamtam.com\/?page_id=31"},"modified":"2022-12-08T11:23:17","modified_gmt":"2022-12-08T10:23:17","slug":"kontakt","status":"publish","type":"page","link":"https:\/\/www.ghg.no\/en\/kontakt\/","title":{"rendered":"Contact"},"content":{"rendered":"<div class=\"row\"><div class=\"wpv-grid grid-1-1  wpv-first-level first unextended\" style=\"padding-top:0px;padding-bottom:0px\" id=\"wpv-column-9c9eb1aeab8fb0f4ad03c46c4812bf31\" ><div class=\"row\"><div class=\"wpv-grid grid-1-1  first unextended\" style=\"padding-top:0px;padding-bottom:0px\" id=\"wpv-column-d28034ffa3e057f95cb40cdd9b2010bd\" ><p><img loading=\"lazy\" decoding=\"async\" class=\"size-medium wp-image-9753 aligncenter\" src=\"http:\/\/ghgno.wpengine.com\/wp-content\/uploads\/2019\/10\/GHG_blue-1-300x122.png\" alt=\"GHG\" width=\"300\" height=\"122\" srcset=\"https:\/\/www.ghg.no\/wp-content\/uploads\/2019\/10\/GHG_blue-1-300x122.png 300w, https:\/\/www.ghg.no\/wp-content\/uploads\/2019\/10\/GHG_blue-1-768x311.png 768w, https:\/\/www.ghg.no\/wp-content\/uploads\/2019\/10\/GHG_blue-1-555x225.png 555w, https:\/\/www.ghg.no\/wp-content\/uploads\/2019\/10\/GHG_blue-1-360x146.png 360w, https:\/\/www.ghg.no\/wp-content\/uploads\/2019\/10\/GHG_blue-1-262x106.png 262w, https:\/\/www.ghg.no\/wp-content\/uploads\/2019\/10\/GHG_blue-1.png 1000w\" sizes=\"(max-width: 300px) 100vw, 300px\" \/><\/div><\/div>\n<div class=\"push\" style='height:15px'><\/div>\n<div class=\"row\"><div class=\"wpv-grid grid-1-1  first unextended animation-fade-in animated-active\" style=\"padding-top:0px;padding-bottom:0px\" id=\"wpv-column-4cd9942d89c15c471c5b96f855dd3c75\" ><div class=\"push\" style='margin-bottom:-30px'><\/div>\n<p style=\"text-align: center;\"><span class=\"vamtam-font-style-2 accent-4\">COMPANY NO. 980 407 543 VAT<\/span><br \/>\n<div class=\"push\" style='height:30px'><\/div><\/div><\/div>\n<div class=\"row\"><div class=\"wpv-grid grid-1-3  first unextended animation-fade-in animated-active\" style=\"padding-top:0px;padding-bottom:0px\" id=\"wpv-column-fcaff0c0f6207b4027332b670e12317a\" ><p style=\"text-align: center;\"><span class='icon shortcode theme  use-hover' style='font-size:32px !important;color:#34375B;'>&#57547;<\/span>\n<p style=\"text-align: center;\">R\u00e5dhusgaten 5b<br \/>\n0151, Oslo,<br \/>\n<a href=\"#\">map \u2192<\/a><\/div>\n<div class=\"wpv-grid grid-1-3  unextended animation-fade-in animated-active\" style=\"padding-top:0px;padding-bottom:0px\" id=\"wpv-column-839e69cf9c86cea5953bb7a99425b37f\" ><p style=\"text-align: center;\"><span class='icon shortcode theme  use-hover' style='font-size:32px !important;color:#34375B;'>&#57471;<\/span>\n<p style=\"text-align: center;\">Tel: (+47) 92 01 57 71<br \/>\nMail: lawyer@ghg.no<\/div>\n<div class=\"wpv-grid grid-1-3  unextended animation-fade-in animated-active\" style=\"padding-top:0px;padding-bottom:0px\" id=\"wpv-column-ba861c63b2dd7b639cf5a564da54f6eb\" ><p style=\"text-align: center;\"><div class=\"push\" style='height:30px'><\/div>\n<p style=\"text-align: center;\">Our offices are located in the middle of Kvadraturen in the center of Oslo. Visiting address is R\u00e5dhusgaten 5b, with entrance from Dronningsgate. Inquiry at reception on the 6th floor.<\/div><\/div>\n<div class=\"push\" style='height:1px'><\/div><\/div><\/div>\n<div class=\"row\"><div class=\"wpv-grid grid-1-1  wpv-first-level first has-background unextended\" style=\"background-color:#F5F5F5;padding-top:15px;padding-bottom:30px\" id=\"wpv-column-b8234a670946b0c93b3dac62472c8918\" ><style>#wpv-column-b8234a670946b0c93b3dac62472c8918 p,#wpv-column-b8234a670946b0c93b3dac62472c8918 em,#wpv-column-b8234a670946b0c93b3dac62472c8918 .column-title,#wpv-column-b8234a670946b0c93b3dac62472c8918 .sep-text h2.regular-title-wrapper,#wpv-column-b8234a670946b0c93b3dac62472c8918 .text-divider-double,#wpv-column-b8234a670946b0c93b3dac62472c8918 .sep-text .sep-text-line,#wpv-column-b8234a670946b0c93b3dac62472c8918 .sep,#wpv-column-b8234a670946b0c93b3dac62472c8918 .sep-2,#wpv-column-b8234a670946b0c93b3dac62472c8918 .sep-3,#wpv-column-b8234a670946b0c93b3dac62472c8918 td,#wpv-column-b8234a670946b0c93b3dac62472c8918 th,#wpv-column-b8234a670946b0c93b3dac62472c8918 caption{color:#767676;}#wpv-column-b8234a670946b0c93b3dac62472c8918:before{background-color:transparent;}<\/style>\t\t<div class=\"sep-text single centered\">\n\t\t\t\t\t\t\t<span class=\"sep-text-before\"><div class=\"sep-text-line\"><\/div><\/span>\n\t\t\t\t\t\t<div class=\"content\">\n\t\t\t\t<h2 class=\"text-divider-double\">Contact form<\/h2>\t\t\t<\/div>\n\t\t\t<span class=\"sep-text-after\"><div class=\"sep-text-line\"><\/div><\/span>\n\t\t\t\t\t<\/div>\n\t<div class=\"row\"><div class=\"wpv-grid grid-1-1  first unextended animation-from-bottom animated-active\" style=\"padding-top:0px;padding-bottom:0px\" id=\"wpv-column-3ea4b1b235fcd0b65657145c0cc28208\" ><p>\n<div class=\"wpcf7 no-js\" id=\"wpcf7-f9713-o1\" lang=\"nb-NO\" dir=\"ltr\" data-wpcf7-id=\"9713\">\n<div class=\"screen-reader-response\"><p role=\"status\" aria-live=\"polite\" aria-atomic=\"true\"><\/p> <ul><\/ul><\/div>\n<form action=\"\/en\/wp-json\/wp\/v2\/pages\/31#wpcf7-f9713-o1\" method=\"post\" class=\"wpcf7-form init\" aria-label=\"Contact form\" novalidate=\"novalidate\" data-status=\"init\" data-trp-original-action=\"\/en\/wp-json\/wp\/v2\/pages\/31#wpcf7-f9713-o1\">\n<div style=\"display: none;\">\n<input type=\"hidden\" name=\"_wpcf7\" value=\"9713\" \/>\n<input type=\"hidden\" name=\"_wpcf7_version\" value=\"6.0.3\" \/>\n<input type=\"hidden\" name=\"_wpcf7_locale\" value=\"nb_NO\" \/>\n<input type=\"hidden\" name=\"_wpcf7_unit_tag\" value=\"wpcf7-f9713-o1\" \/>\n<input type=\"hidden\" name=\"_wpcf7_container_post\" value=\"0\" \/>\n<input type=\"hidden\" name=\"_wpcf7_posted_data_hash\" value=\"\" \/>\n<\/div>\n<p><label> Your Name (required)<br \/>\n<span class=\"wpcf7-form-control-wrap\" data-name=\"your-name\"><input size=\"40\" maxlength=\"400\" class=\"wpcf7-form-control wpcf7-text wpcf7-validates-as-required\" aria-required=\"true\" aria-invalid=\"false\" value=\"\" type=\"text\" name=\"your-name\" \/><\/span> <\/label>\n<\/p>\n<p><label> Email (required)<br \/>\n<span class=\"wpcf7-form-control-wrap\" data-name=\"your-email\"><input size=\"40\" maxlength=\"400\" class=\"wpcf7-form-control wpcf7-email wpcf7-validates-as-required wpcf7-text wpcf7-validates-as-email\" aria-required=\"true\" aria-invalid=\"false\" value=\"\" type=\"email\" name=\"your-email\" \/><\/span> <\/label>\n<\/p>\n<p><label> Subject<br \/>\n<span class=\"wpcf7-form-control-wrap\" data-name=\"your-subject\"><input size=\"40\" maxlength=\"400\" class=\"wpcf7-form-control wpcf7-text\" aria-invalid=\"false\" value=\"\" type=\"text\" name=\"your-subject\" \/><\/span> <\/label>\n<\/p>\n<p><label> Message<br \/>\n<span class=\"wpcf7-form-control-wrap\" data-name=\"your-message\"><textarea cols=\"40\" rows=\"10\" maxlength=\"2000\" class=\"wpcf7-form-control wpcf7-textarea\" aria-invalid=\"false\" name=\"your-message\"><\/textarea><\/span> <\/label>\n<\/p>\n<p><input class=\"wpcf7-form-control wpcf7-submit has-spinner\" type=\"submit\" value=\"Send\" \/>\n<\/p><div class=\"wpcf7-response-output\" aria-hidden=\"true\"><\/div>\n<input type=\"hidden\" name=\"trp-form-language\" value=\"en\"\/><\/form>\n<\/div>\n<\/div><\/div><\/div><\/div>","protected":false},"excerpt":{"rendered":"<p>ORG.NR. 980 407 543 MVA R\u00e5dhusgaten 5b 0151, Oslo, kart \u2192 Tel: (+47) 92 01 57 71 Mail: advokat@ghg.no V\u00e5re kontorer ligger midt i Kvadraturen i Oslo sentrum. Bes\u00f8ksadresse er R\u00e5dhusgaten 5b, med inngang fra Dronningens gate. Henvendelse i resepsjonen i 6. etasje.<\/p>","protected":false},"author":2,"featured_media":0,"parent":0,"menu_order":20,"comment_status":"closed","ping_status":"closed","template":"","meta":{"_acf_changed":false,"footnotes":""},"class_list":["post-31","page","type-page","status-publish","hentry"],"acf":[],"_links":{"self":[{"href":"https:\/\/www.ghg.no\/en\/wp-json\/wp\/v2\/pages\/31","targetHints":{"allow":["GET"]}}],"collection":[{"href":"https:\/\/www.ghg.no\/en\/wp-json\/wp\/v2\/pages"}],"about":[{"href":"https:\/\/www.ghg.no\/en\/wp-json\/wp\/v2\/types\/page"}],"author":[{"embeddable":true,"href":"https:\/\/www.ghg.no\/en\/wp-json\/wp\/v2\/users\/2"}],"replies":[{"embeddable":true,"href":"https:\/\/www.ghg.no\/en\/wp-json\/wp\/v2\/comments?post=31"}],"version-history":[{"count":0,"href":"https:\/\/www.ghg.no\/en\/wp-json\/wp\/v2\/pages\/31\/revisions"}],"wp:attachment":[{"href":"https:\/\/www.ghg.no\/en\/wp-json\/wp\/v2\/media?parent=31"}],"curies":[{"name":"wp","href":"https:\/\/api.w.org\/{rel}","templated":true}]}}