{"id":7956,"date":"2014-07-04T10:06:07","date_gmt":"2014-07-04T10:06:07","guid":{"rendered":"http:\/\/lawyers-attorneys.vamtam.com\/?page_id=7956"},"modified":"2019-10-22T11:11:00","modified_gmt":"2019-10-22T10:11:00","slug":"practices","status":"publish","type":"page","link":"https:\/\/www.ghg.no\/en\/practices\/","title":{"rendered":"Sectors"},"content":{"rendered":"<div class=\"row\"><div class=\"wpv-grid grid-1-1  wpv-first-level first unextended\" style=\"padding-top:0px;padding-bottom:0px\" id=\"wpv-column-8c9d175b2057932ef3ee8a029dfd0ec1\" ><div class=\"row\"><div class=\"wpv-grid grid-1-1  first unextended\" style=\"padding-top:0px;padding-bottom:0px\" id=\"wpv-column-fec3c7b8645357849eeeecdbbf41b7f3\" ><\/div><\/div>\n<p>\n                    <div class=\"wpv-grid grid-1-4 wpv-first-level first unextended animation-fade-in animated-active\" style=\"padding-top:0px;padding-bottom:0px;clear:both;\">\n                <div class=\"services clearfix has-icon\">\n                    <div class=\"services-inside\" >\n                        <div class=\"thumbnail\" >\n                            <a  href=\"https:\/\/www.ghg.no\/en\/practice\/transaksjoner\/\" title=\"Transaksjoner\/M&#038;A\">\n                                <span class=\"icon shortcode use-hover\">\n                                    <i class=\"fas fa-arrows-alt-h\" style=\"font-size:63px; color:#34375b;\"><\/i>\n                                <\/span>\n                            <\/a>\n                        <\/div>\n                        <div class=\"team-member-info\" style=\"text-align: center;\">\n                            <h3>\n                                <a  href=\"https:\/\/www.ghg.no\/en\/practice\/transaksjoner\/\" title=\"Transaksjoner\/M&#038;A\"> Transaksjoner\/M&#038;A <\/a>\n                            <\/h3>\n                        <\/div>\n                    <\/div>\n                <\/div>\n            <\/div>\n                        <div class=\"wpv-grid grid-1-4 wpv-first-level unextended animation-fade-in animated-active\" style=\"padding-top:0px;padding-bottom:0px;\">\n                <div class=\"services clearfix has-icon\">\n                    <div class=\"services-inside\" >\n                        <div class=\"thumbnail\" >\n                            <a  href=\"https:\/\/www.ghg.no\/en\/practice\/bors-og-verdipapirrett\/\" title=\"Stock exchange and securities law\">\n                                <span class=\"icon shortcode use-hover\">\n                                    <i class=\"fas fa-chart-line\" style=\"font-size:63px; color:#34375b;\"><\/i>\n                                <\/span>\n                            <\/a>\n                        <\/div>\n                        <div class=\"team-member-info\" style=\"text-align: center;\">\n                            <h3>\n                                <a  href=\"https:\/\/www.ghg.no\/en\/practice\/bors-og-verdipapirrett\/\" title=\"Stock exchange and securities law\"> Stock exchange and securities law <\/a>\n                            <\/h3>\n                        <\/div>\n                    <\/div>\n                <\/div>\n            <\/div>\n                        <div class=\"wpv-grid grid-1-4 wpv-first-level unextended animation-fade-in animated-active\" style=\"padding-top:0px;padding-bottom:0px;\">\n                <div class=\"services clearfix has-icon\">\n                    <div class=\"services-inside\" >\n                        <div class=\"thumbnail\" >\n                            <a  href=\"https:\/\/www.ghg.no\/en\/practice\/shipping-offshore\/\" title=\"Shipping, rederi og transportrett\">\n                                <span class=\"icon shortcode use-hover\">\n                                    <i class=\"fas fa-water\" style=\"font-size:63px; color:#34375b;\"><\/i>\n                                <\/span>\n                            <\/a>\n                        <\/div>\n                        <div class=\"team-member-info\" style=\"text-align: center;\">\n                            <h3>\n                                <a  href=\"https:\/\/www.ghg.no\/en\/practice\/shipping-offshore\/\" title=\"Shipping, rederi og transportrett\"> Shipping, rederi og transportrett <\/a>\n                            <\/h3>\n                        <\/div>\n                    <\/div>\n                <\/div>\n            <\/div>\n                        <div class=\"wpv-grid grid-1-4 wpv-first-level unextended animation-fade-in animated-active\" style=\"padding-top:0px;padding-bottom:0px;\">\n                <div class=\"services clearfix has-icon\">\n                    <div class=\"services-inside\" >\n                        <div class=\"thumbnail\" >\n                            <a  href=\"https:\/\/www.ghg.no\/en\/practice\/skatt-og-avgift-2\/\" title=\"Taxes and duties\">\n                                <span class=\"icon shortcode use-hover\">\n                                    <i class=\"fas fa-chart-pie\" style=\"font-size:63px; color:#34375b;\"><\/i>\n                                <\/span>\n                            <\/a>\n                        <\/div>\n                        <div class=\"team-member-info\" style=\"text-align: center;\">\n                            <h3>\n                                <a  href=\"https:\/\/www.ghg.no\/en\/practice\/skatt-og-avgift-2\/\" title=\"Taxes and duties\"> Taxes and duties <\/a>\n                            <\/h3>\n                        <\/div>\n                    <\/div>\n                <\/div>\n            <\/div>\n                        <div class=\"wpv-grid grid-1-4 wpv-first-level unextended animation-fade-in animated-active\" style=\"padding-top:0px;padding-bottom:0px;clear:both;\">\n                <div class=\"services clearfix has-icon\">\n                    <div class=\"services-inside\" >\n                        <div class=\"thumbnail\" >\n                            <a  href=\"https:\/\/www.ghg.no\/en\/practice\/virksomhetsjus\/\" title=\"Selskapsrett\/corporate\">\n                                <span class=\"icon shortcode use-hover\">\n                                    <i class=\"fas fa-suitcase\" style=\"font-size:63px; color:#34375b;\"><\/i>\n                                <\/span>\n                            <\/a>\n                        <\/div>\n                        <div class=\"team-member-info\" style=\"text-align: center;\">\n                            <h3>\n                                <a  href=\"https:\/\/www.ghg.no\/en\/practice\/virksomhetsjus\/\" title=\"Selskapsrett\/corporate\"> Selskapsrett\/corporate <\/a>\n                            <\/h3>\n                        <\/div>\n                    <\/div>\n                <\/div>\n            <\/div>\n                        <div class=\"wpv-grid grid-1-4 wpv-first-level unextended animation-fade-in animated-active\" style=\"padding-top:0px;padding-bottom:0px;\">\n                <div class=\"services clearfix has-icon\">\n                    <div class=\"services-inside\" >\n                        <div class=\"thumbnail\" >\n                            <a  href=\"https:\/\/www.ghg.no\/en\/practice\/entreprise\/\" title=\"Kontraktsrett\">\n                                <span class=\"icon shortcode use-hover\">\n                                    <i class=\"fas fa-building\" style=\"font-size:63px; color:#34375b;\"><\/i>\n                                <\/span>\n                            <\/a>\n                        <\/div>\n                        <div class=\"team-member-info\" style=\"text-align: center;\">\n                            <h3>\n                                <a  href=\"https:\/\/www.ghg.no\/en\/practice\/entreprise\/\" title=\"Kontraktsrett\"> Kontraktsrett <\/a>\n                            <\/h3>\n                        <\/div>\n                    <\/div>\n                <\/div>\n            <\/div>\n                        <div class=\"wpv-grid grid-1-4 wpv-first-level unextended animation-fade-in animated-active\" style=\"padding-top:0px;padding-bottom:0px;\">\n                <div class=\"services clearfix has-icon\">\n                    <div class=\"services-inside\" >\n                        <div class=\"thumbnail\" >\n                            <a  href=\"https:\/\/www.ghg.no\/en\/practice\/fast-eiendom\/\" title=\"Fast eiendom og entreprise\">\n                                <span class=\"icon shortcode use-hover\">\n                                    <i class=\"fas fa-warehouse\" style=\"font-size:63px; color:#34375b;\"><\/i>\n                                <\/span>\n                            <\/a>\n                        <\/div>\n                        <div class=\"team-member-info\" style=\"text-align: center;\">\n                            <h3>\n                                <a  href=\"https:\/\/www.ghg.no\/en\/practice\/fast-eiendom\/\" title=\"Fast eiendom og entreprise\"> Fast eiendom og entreprise <\/a>\n                            <\/h3>\n                        <\/div>\n                    <\/div>\n                <\/div>\n            <\/div>\n                        <div class=\"wpv-grid grid-1-4 wpv-first-level unextended animation-fade-in animated-active\" style=\"padding-top:0px;padding-bottom:0px;\">\n                <div class=\"services clearfix has-icon\">\n                    <div class=\"services-inside\" >\n                        <div class=\"thumbnail\" >\n                            <a  href=\"https:\/\/www.ghg.no\/en\/practice\/finansiering\/\" title=\"Finance\">\n                                <span class=\"icon shortcode use-hover\">\n                                    <i class=\"fas fa-dollar-sign\" style=\"font-size:63px; color:#34375b;\"><\/i>\n                                <\/span>\n                            <\/a>\n                        <\/div>\n                        <div class=\"team-member-info\" style=\"text-align: center;\">\n                            <h3>\n                                <a  href=\"https:\/\/www.ghg.no\/en\/practice\/finansiering\/\" title=\"Finance\"> Finance <\/a>\n                            <\/h3>\n                        <\/div>\n                    <\/div>\n                <\/div>\n            <\/div>\n                        <div class=\"wpv-grid grid-1-4 wpv-first-level unextended animation-fade-in animated-active\" style=\"padding-top:0px;padding-bottom:0px;clear:both;\">\n                <div class=\"services clearfix has-icon\">\n                    <div class=\"services-inside\" >\n                        <div class=\"thumbnail\" >\n                            <a  href=\"https:\/\/www.ghg.no\/en\/practice\/immaterialrett\/\" title=\"Immaterialrett\/IKT\">\n                                <span class=\"icon shortcode use-hover\">\n                                    <i class=\"fas fa-stream\" style=\"font-size:63px; color:#34375b;\"><\/i>\n                                <\/span>\n                            <\/a>\n                        <\/div>\n                        <div class=\"team-member-info\" style=\"text-align: center;\">\n                            <h3>\n                                <a  href=\"https:\/\/www.ghg.no\/en\/practice\/immaterialrett\/\" title=\"Immaterialrett\/IKT\"> Immaterialrett\/IKT <\/a>\n                            <\/h3>\n                        <\/div>\n                    <\/div>\n                <\/div>\n            <\/div>\n                        <div class=\"wpv-grid grid-1-4 wpv-first-level unextended animation-fade-in animated-active\" style=\"padding-top:0px;padding-bottom:0px;\">\n                <div class=\"services clearfix has-icon\">\n                    <div class=\"services-inside\" >\n                        <div class=\"thumbnail\" >\n                            <a  href=\"https:\/\/www.ghg.no\/en\/practice\/konkurranserett\/\" title=\"competition\">\n                                <span class=\"icon shortcode use-hover\">\n                                    <i class=\"fas fa-vector-square\" style=\"font-size:63px; color:#34375b;\"><\/i>\n                                <\/span>\n                            <\/a>\n                        <\/div>\n                        <div class=\"team-member-info\" style=\"text-align: center;\">\n                            <h3>\n                                <a  href=\"https:\/\/www.ghg.no\/en\/practice\/konkurranserett\/\" title=\"competition\"> competition <\/a>\n                            <\/h3>\n                        <\/div>\n                    <\/div>\n                <\/div>\n            <\/div>\n                        <div class=\"wpv-grid grid-1-4 wpv-first-level unextended animation-fade-in animated-active\" style=\"padding-top:0px;padding-bottom:0px;\">\n                <div class=\"services clearfix has-icon\">\n                    <div class=\"services-inside\" >\n                        <div class=\"thumbnail\" >\n                            <a  href=\"https:\/\/www.ghg.no\/en\/practice\/luftfart\/\" title=\"Aviation\">\n                                <span class=\"icon shortcode use-hover\">\n                                    <i class=\"fas fa-plane-departure\" style=\"font-size:63px; color:#34375b;\"><\/i>\n                                <\/span>\n                            <\/a>\n                        <\/div>\n                        <div class=\"team-member-info\" style=\"text-align: center;\">\n                            <h3>\n                                <a  href=\"https:\/\/www.ghg.no\/en\/practice\/luftfart\/\" title=\"Aviation\"> Aviation <\/a>\n                            <\/h3>\n                        <\/div>\n                    <\/div>\n                <\/div>\n            <\/div>\n                        <div class=\"wpv-grid grid-1-4 wpv-first-level unextended animation-fade-in animated-active\" style=\"padding-top:0px;padding-bottom:0px;\">\n                <div class=\"services clearfix has-icon\">\n                    <div class=\"services-inside\" >\n                        <div class=\"thumbnail\" >\n                            <a  href=\"https:\/\/www.ghg.no\/en\/practice\/offentlig-rett\/\" title=\"Civic law\">\n                                <span class=\"icon shortcode use-hover\">\n                                    <i class=\"fas fa-podcast\" style=\"font-size:63px; color:#34375b;\"><\/i>\n                                <\/span>\n                            <\/a>\n                        <\/div>\n                        <div class=\"team-member-info\" style=\"text-align: center;\">\n                            <h3>\n                                <a  href=\"https:\/\/www.ghg.no\/en\/practice\/offentlig-rett\/\" title=\"Civic law\"> Civic law <\/a>\n                            <\/h3>\n                        <\/div>\n                    <\/div>\n                <\/div>\n            <\/div>\n                        <div class=\"wpv-grid grid-1-4 wpv-first-level unextended animation-fade-in animated-active\" style=\"padding-top:0px;padding-bottom:0px;clear:both;\">\n                <div class=\"services clearfix has-icon\">\n                    <div class=\"services-inside\" >\n                        <div class=\"thumbnail\" >\n                            <a  href=\"https:\/\/www.ghg.no\/en\/practice\/personvern\/\" title=\"Privacy\">\n                                <span class=\"icon shortcode use-hover\">\n                                    <i class=\"fas fa-user-check\" style=\"font-size:63px; color:#34375b;\"><\/i>\n                                <\/span>\n                            <\/a>\n                        <\/div>\n                        <div class=\"team-member-info\" style=\"text-align: center;\">\n                            <h3>\n                                <a  href=\"https:\/\/www.ghg.no\/en\/practice\/personvern\/\" title=\"Privacy\"> Privacy <\/a>\n                            <\/h3>\n                        <\/div>\n                    <\/div>\n                <\/div>\n            <\/div>\n                        <div class=\"wpv-grid grid-1-4 wpv-first-level unextended animation-fade-in animated-active\" style=\"padding-top:0px;padding-bottom:0px;\">\n                <div class=\"services clearfix has-icon\">\n                    <div class=\"services-inside\" >\n                        <div class=\"thumbnail\" >\n                            <a  href=\"https:\/\/www.ghg.no\/en\/practice\/forhandling-tvistelosning\/\" title=\"Dispute settlement\">\n                                <span class=\"icon shortcode use-hover\">\n                                    <i class=\"fas fa-handshake\" style=\"font-size:63px; color:#34375b;\"><\/i>\n                                <\/span>\n                            <\/a>\n                        <\/div>\n                        <div class=\"team-member-info\" style=\"text-align: center;\">\n                            <h3>\n                                <a  href=\"https:\/\/www.ghg.no\/en\/practice\/forhandling-tvistelosning\/\" title=\"Dispute settlement\"> Dispute settlement <\/a>\n                            <\/h3>\n                        <\/div>\n                    <\/div>\n                <\/div>\n            <\/div>\n                        <div class=\"wpv-grid grid-1-4 wpv-first-level unextended animation-fade-in animated-active\" style=\"padding-top:0px;padding-bottom:0px;\">\n                <div class=\"services clearfix has-icon\">\n                    <div class=\"services-inside\" >\n                        <div class=\"thumbnail\" >\n                            <a  href=\"https:\/\/www.ghg.no\/en\/practice\/arbeidsrett\/\" title=\"Employment law\">\n                                <span class=\"icon shortcode use-hover\">\n                                    <i class=\"fas fa-user-friends\" style=\"font-size:63px; color:#34375b;\"><\/i>\n                                <\/span>\n                            <\/a>\n                        <\/div>\n                        <div class=\"team-member-info\" style=\"text-align: center;\">\n                            <h3>\n                                <a  href=\"https:\/\/www.ghg.no\/en\/practice\/arbeidsrett\/\" title=\"Employment law\"> Employment law <\/a>\n                            <\/h3>\n                        <\/div>\n                    <\/div>\n                <\/div>\n            <\/div>\n                    <\/div><\/div>\n<div class=\"push\" style='height:60px'><\/div>","protected":false},"excerpt":{"rendered":"<p>Arbeidsrett er i kontinuerlig endring, blant annet p\u00e5 bakgrunn av EU-rettens innflytelse p\u00e5 norsk rett. Vi tilbyr tjenester innenfor hele det arbeidsrettslige omr\u00e5det. V\u00e5re advokater bist\u00e5r b\u00e5de arbeidsgivere og arbeidstakere, i Norge og i utlandet. Gjennom tett oppf\u00f8lgning fors\u00f8ker vi \u00e5 komme frem til gode l\u00f8sninger med lavest mulig konfliktniv\u00e5. Vi r\u00e5dgir p\u00e5 alle omr\u00e5der&#8230;<\/p>","protected":false},"author":2,"featured_media":0,"parent":0,"menu_order":5,"comment_status":"closed","ping_status":"open","template":"","meta":{"_acf_changed":false,"footnotes":""},"class_list":["post-7956","page","type-page","status-publish","hentry"],"acf":[],"_links":{"self":[{"href":"https:\/\/www.ghg.no\/en\/wp-json\/wp\/v2\/pages\/7956","targetHints":{"allow":["GET"]}}],"collection":[{"href":"https:\/\/www.ghg.no\/en\/wp-json\/wp\/v2\/pages"}],"about":[{"href":"https:\/\/www.ghg.no\/en\/wp-json\/wp\/v2\/types\/page"}],"author":[{"embeddable":true,"href":"https:\/\/www.ghg.no\/en\/wp-json\/wp\/v2\/users\/2"}],"replies":[{"embeddable":true,"href":"https:\/\/www.ghg.no\/en\/wp-json\/wp\/v2\/comments?post=7956"}],"version-history":[{"count":0,"href":"https:\/\/www.ghg.no\/en\/wp-json\/wp\/v2\/pages\/7956\/revisions"}],"wp:attachment":[{"href":"https:\/\/www.ghg.no\/en\/wp-json\/wp\/v2\/media?parent=7956"}],"curies":[{"name":"wp","href":"https:\/\/api.w.org\/{rel}","templated":true}]}}