{"id":9802,"date":"2019-10-10T16:27:12","date_gmt":"2019-10-10T15:27:12","guid":{"rendered":"http:\/\/ghgno.wpengine.com\/?page_id=9802"},"modified":"2022-12-08T11:43:56","modified_gmt":"2022-12-08T10:43:56","slug":"internasjonalt-advokatnettverk","status":"publish","type":"page","link":"https:\/\/www.ghg.no\/en\/om-oss\/internasjonalt-advokatnettverk\/","title":{"rendered":"International Law Network"},"content":{"rendered":"<div class=\"row\"><div class=\"wpv-grid grid-1-1  wpv-first-level first unextended\" style=\"padding-top:0px;padding-bottom:0px\" id=\"wpv-column-c3be2cb407f24748cf004ebb3c350d83\" ><p>In line with globalization and increasing competition, it is becoming increasingly important for lawyers, patent agents, accountants and tax advisors to work both nationally and internationally.<\/p>\n<p>\u200b<\/p>\n<p>Law firms must be able to meet clients&#039; requirements in all areas and expect cooperation between competent law firms.<\/p>\n<p>GHG undertakes very heavy, resource-intensive assignments. The resources available are good for all types of assignments. The size of the company provides flexibility and ability to focus on the optimal solution for the client.<\/div><\/div>\n\t\t<div class=\"sep-text single centered\">\n\t\t\t\t\t\t\t<span class=\"sep-text-before\"><div class=\"sep-text-line\"><\/div><\/span>\n\t\t\t\t\t\t<div class=\"content\">\n\t\t\t\t\n<div id=\"hzdya3nu\" class=\"txtNew\" data-packed=\"true\">\n<h2 class=\"font_5\"><\/h2>\n<\/div>\n<h2 id=\"hzdya3nx\" class=\"txtNew\" data-packed=\"true\"><\/h2>\n\t\t\t<\/div>\n\t\t\t<span class=\"sep-text-after\"><div class=\"sep-text-line\"><\/div><\/span>\n\t\t\t\t\t<\/div>\n\t\n<div class=\"row\"><div class=\"wpv-grid grid-1-1  wpv-first-level first unextended\" style=\"padding-top:0px;padding-bottom:0px\" id=\"wpv-column-3cd266cd22005bcbbcf8da6120bdcfb4\" ><\/div><\/div>","protected":false},"excerpt":{"rendered":"<p>I takt med globaliseringen og \u00f8kende konkurranse blir det mer og mer viktig ogs\u00e5 for advokater, patentagenter, revisorer og skatter\u00e5dgivere \u00e5 samarbeide b\u00e5de nasjonalt og internasjonalt. \u200b Advokatkontorer m\u00e5 kunne oppfylle klientenes krav p\u00e5 alle omr\u00e5der og forventer samarbeid mellom kompetente advokatkontorer. GHG p\u00e5tar seg meget tunge, ressurskrevende oppdrag. De tilgjengelige ressursene er godt dekkende&#8230;<\/p>","protected":false},"author":2,"featured_media":0,"parent":7778,"menu_order":8,"comment_status":"closed","ping_status":"closed","template":"","meta":{"_acf_changed":false,"footnotes":""},"class_list":["post-9802","page","type-page","status-publish","hentry"],"acf":[],"_links":{"self":[{"href":"https:\/\/www.ghg.no\/en\/wp-json\/wp\/v2\/pages\/9802","targetHints":{"allow":["GET"]}}],"collection":[{"href":"https:\/\/www.ghg.no\/en\/wp-json\/wp\/v2\/pages"}],"about":[{"href":"https:\/\/www.ghg.no\/en\/wp-json\/wp\/v2\/types\/page"}],"author":[{"embeddable":true,"href":"https:\/\/www.ghg.no\/en\/wp-json\/wp\/v2\/users\/2"}],"replies":[{"embeddable":true,"href":"https:\/\/www.ghg.no\/en\/wp-json\/wp\/v2\/comments?post=9802"}],"version-history":[{"count":0,"href":"https:\/\/www.ghg.no\/en\/wp-json\/wp\/v2\/pages\/9802\/revisions"}],"up":[{"embeddable":true,"href":"https:\/\/www.ghg.no\/en\/wp-json\/wp\/v2\/pages\/7778"}],"wp:attachment":[{"href":"https:\/\/www.ghg.no\/en\/wp-json\/wp\/v2\/media?parent=9802"}],"curies":[{"name":"wp","href":"https:\/\/api.w.org\/{rel}","templated":true}]}}