{"id":9926,"date":"2019-10-23T15:30:11","date_gmt":"2019-10-23T14:30:11","guid":{"rendered":"http:\/\/ghgno.wpengine.com\/?page_id=9926"},"modified":"2022-12-08T10:54:05","modified_gmt":"2022-12-08T09:54:05","slug":"advokatfullmektig","status":"publish","type":"page","link":"https:\/\/www.ghg.no\/en\/om-oss\/rekruttering\/advokatfullmektig\/","title":{"rendered":"Associate"},"content":{"rendered":"<div class=\"row\"><div class=\"wpv-grid grid-1-1  wpv-first-level first unextended\" style=\"padding-top:0px;padding-bottom:0px\" id=\"wpv-column-a29d922de56facd3526a3c246fefbbfe\" ><h3>Attorney sought<\/h3><\/div><\/div>\n<div class=\"row\"><div class=\"wpv-grid grid-1-1  wpv-first-level first unextended\" style=\"padding-top:0px;padding-bottom:0px\" id=\"wpv-column-24991ea3616651fb47a1185e08395da5\" ><p>GHG s\u00f8ker etter faglig dyktige advokatfullmektiger med kommersiell forst\u00e5else. Kandidaten m\u00e5 ha god muntlig og skriftlig fremstillingsevne, samt gode eksamensresultater. Gode spr\u00e5kkunnskaper i engelsk vil bli vektlagt.<\/p>\n<p>New graduates as well as people with shorter or longer work experience are encouraged to apply.<\/p>\n<p>GHG offers a challenging position in a socially, informally and professionally stimulating work environment. You will actively participate in problem solving and work closely with exciting and challenging clients with their owners \/ investors.<\/p>\n<p>Applications with diplomas and testimonials can be e-mailed to <a href=\"mailto:mg@ghg.no\">mg@ghg.no.<\/a><\/div><\/div>","protected":false},"excerpt":{"rendered":"<p>Advokatfullmektig s\u00f8kes GHG s\u00f8ker etter faglig dyktige advokatfullmektiger med kommersiell forst\u00e5else. Kandidaten m\u00e5 ha god muntlig og skriftlig fremstillingsevne, samt gode eksamensresultater. Gode spr\u00e5kkunnskaper i engelsk vil bli vektlagt. S\u00e5 vel nyutdannede kandidater som personer med kortere eller lengre arbeidserfaring oppfordres til \u00e5 s\u00f8ke. GHG tilbyr en utfordrende stilling i et sosialt, uformelt og faglig&#8230;<\/p>","protected":false},"author":2,"featured_media":0,"parent":9801,"menu_order":12,"comment_status":"closed","ping_status":"closed","template":"","meta":{"_acf_changed":false,"footnotes":""},"class_list":["post-9926","page","type-page","status-publish","hentry"],"acf":[],"_links":{"self":[{"href":"https:\/\/www.ghg.no\/en\/wp-json\/wp\/v2\/pages\/9926","targetHints":{"allow":["GET"]}}],"collection":[{"href":"https:\/\/www.ghg.no\/en\/wp-json\/wp\/v2\/pages"}],"about":[{"href":"https:\/\/www.ghg.no\/en\/wp-json\/wp\/v2\/types\/page"}],"author":[{"embeddable":true,"href":"https:\/\/www.ghg.no\/en\/wp-json\/wp\/v2\/users\/2"}],"replies":[{"embeddable":true,"href":"https:\/\/www.ghg.no\/en\/wp-json\/wp\/v2\/comments?post=9926"}],"version-history":[{"count":0,"href":"https:\/\/www.ghg.no\/en\/wp-json\/wp\/v2\/pages\/9926\/revisions"}],"up":[{"embeddable":true,"href":"https:\/\/www.ghg.no\/en\/wp-json\/wp\/v2\/pages\/9801"}],"wp:attachment":[{"href":"https:\/\/www.ghg.no\/en\/wp-json\/wp\/v2\/media?parent=9926"}],"curies":[{"name":"wp","href":"https:\/\/api.w.org\/{rel}","templated":true}]}}