{"id":9928,"date":"2019-10-23T15:32:38","date_gmt":"2019-10-23T14:32:38","guid":{"rendered":"http:\/\/ghgno.wpengine.com\/?page_id=9928"},"modified":"2022-12-08T11:29:01","modified_gmt":"2022-12-08T10:29:01","slug":"trainee","status":"publish","type":"page","link":"https:\/\/www.ghg.no\/en\/om-oss\/rekruttering\/trainee\/","title":{"rendered":"Trainee"},"content":{"rendered":"<div class=\"row\"><div class=\"wpv-grid grid-1-1  wpv-first-level first unextended\" style=\"padding-top:0px;padding-bottom:0px\" id=\"wpv-column-d0e6e9050763949915b85edb50bfd33b\" ><h3>Trainee applied for<\/h3><\/div><\/div>\n<div class=\"row\"><div class=\"wpv-grid grid-1-1  wpv-first-level first unextended\" style=\"padding-top:0px;padding-bottom:0px\" id=\"wpv-column-888ff2038d6cb31adc6a80d9136d4349\" ><p>GHG offers trainee stays at 4 to 6 weeks for students with good exam results and interest in a business law career. Feel free to send us an application and be sure to indicate when you want to be with us. Applications will be processed semi-annually, in April \/ May for trainee stays in the fall semester and in November \/ December for trainee stays in the spring semester.<\/p>\n<p>GHG also permanently offers a place for students who choose a placement as an elective at the University of Oslo.<\/p>\n<p>As a trainee or student with us, you will work with our experienced lawyers and get a taste of what it is like to work as a business lawyer with us. GHG endeavors to offer all trainees the opportunity to attend at least one trial and to attend court hearings during a stay with us.<\/p>\n<p>Sp\u00f8rsm\u00e5l kan rettes til Morten Garman p\u00e5 mg@ghg.no.<\/p>\n<p>Applications with CV, diplomas and testimonials can be emailed to <a href=\"mailto:rekruttering@ghg.no\">rekruttering@ghg.no<\/a><\/div><\/div>","protected":false},"excerpt":{"rendered":"<p>Trainee s\u00f8kes GHG tilbyr trainee-opphold p\u00e5 4 &#8211; 6 uker til studenter med gode eksamensresultater og interesse for en forretningsjuridisk karriere. Send oss gjerne en s\u00f8knad, og husk \u00e5 angi n\u00e5r du kan tenke deg \u00e5 v\u00e6re hos oss. S\u00f8knader vil bli behandlet halv\u00e5rlig, i april\/mai for trainee-opphold i h\u00f8stsemesteret og i november\/desember for trainee-opphold&#8230;<\/p>","protected":false},"author":2,"featured_media":0,"parent":9801,"menu_order":11,"comment_status":"closed","ping_status":"closed","template":"","meta":{"_acf_changed":false,"footnotes":""},"class_list":["post-9928","page","type-page","status-publish","hentry"],"acf":[],"_links":{"self":[{"href":"https:\/\/www.ghg.no\/en\/wp-json\/wp\/v2\/pages\/9928","targetHints":{"allow":["GET"]}}],"collection":[{"href":"https:\/\/www.ghg.no\/en\/wp-json\/wp\/v2\/pages"}],"about":[{"href":"https:\/\/www.ghg.no\/en\/wp-json\/wp\/v2\/types\/page"}],"author":[{"embeddable":true,"href":"https:\/\/www.ghg.no\/en\/wp-json\/wp\/v2\/users\/2"}],"replies":[{"embeddable":true,"href":"https:\/\/www.ghg.no\/en\/wp-json\/wp\/v2\/comments?post=9928"}],"version-history":[{"count":0,"href":"https:\/\/www.ghg.no\/en\/wp-json\/wp\/v2\/pages\/9928\/revisions"}],"up":[{"embeddable":true,"href":"https:\/\/www.ghg.no\/en\/wp-json\/wp\/v2\/pages\/9801"}],"wp:attachment":[{"href":"https:\/\/www.ghg.no\/en\/wp-json\/wp\/v2\/media?parent=9928"}],"curies":[{"name":"wp","href":"https:\/\/api.w.org\/{rel}","templated":true}]}}