{"id":9929,"date":"2019-10-23T15:35:39","date_gmt":"2019-10-23T14:35:39","guid":{"rendered":"http:\/\/ghgno.wpengine.com\/?page_id=9929"},"modified":"2019-10-23T16:01:35","modified_gmt":"2019-10-23T15:01:35","slug":"skriveplass","status":"publish","type":"page","link":"https:\/\/www.ghg.no\/en\/om-oss\/rekruttering\/skriveplass\/","title":{"rendered":"writing Space"},"content":{"rendered":"<div class=\"row\"><div class=\"wpv-grid grid-1-1  wpv-first-level first unextended\" style=\"padding-top:0px;padding-bottom:0px\" id=\"wpv-column-32de2018fe9fa505a851892342639444\" ><h3>writing Space<\/h3><\/div><\/div>\n<div class=\"row\"><div class=\"wpv-grid grid-1-1  wpv-first-level first unextended\" style=\"padding-top:0px;padding-bottom:0px\" id=\"wpv-column-99e44ae5797b04ca94452298f541bb0a\" ><p>GHG offers selected students writing space to write the dissertation included in the master&#039;s degree. Our selection of which students are offered writing space depends on academic skill, personal characteristics and the topic of the dissertation. In order for our attorneys to be able to assist with their expertise and act as a sparring partner during the work, it is a prerequisite that the master&#039;s thesis deals with a topic that is included in our subject and focus areas.<\/p>\n<p>The students who are offered writing space with us get:<\/p>\n<ul>\n<li>Own workplace with associated facilities<\/li>\n<li>Own sponsorship that ensures you are well received and included<\/li>\n<li>Academic guidance from our lawyers, both before the writing work is started and during the work<\/li>\n<li>Access to our library and legal databases<\/li>\n<li>Free lunch<\/li>\n<\/ul>\n<p>Students are also warmly welcomed to attend our social events during their time with us. If this sounds interesting, send an application stating the theme of the master&#039;s thesis, resume and transcript to Morten Garman <a href=\"mailto:mg@ghg.no\">mg@ghg.no<\/a>.<\/p>\n<p>The application deadline for the spring semester is November 1st.<\/p>\n<p>The application deadline for the fall semester is April 1st.<\/div><\/div>","protected":false},"excerpt":{"rendered":"<p>Skriveplass GHG tilbyr utvalgte studenter skriveplass for \u00e5 skrive avhandlingen som inng\u00e5r i mastergraden. V\u00e5r utvelgelse av hvilke studenter som tilbys skriveplass, avhenger av faglig dyktighet, personlige egenskaper og temaet for avhandlingen. For at v\u00e5re advokater skal kunne bist\u00e5 med sin kompetanse og fungere som en sparringspartner under arbeidet, er det en forutsetning at masteroppgaven&#8230;<\/p>","protected":false},"author":2,"featured_media":0,"parent":9801,"menu_order":10,"comment_status":"closed","ping_status":"closed","template":"","meta":{"_acf_changed":false,"footnotes":""},"class_list":["post-9929","page","type-page","status-publish","hentry"],"acf":[],"_links":{"self":[{"href":"https:\/\/www.ghg.no\/en\/wp-json\/wp\/v2\/pages\/9929","targetHints":{"allow":["GET"]}}],"collection":[{"href":"https:\/\/www.ghg.no\/en\/wp-json\/wp\/v2\/pages"}],"about":[{"href":"https:\/\/www.ghg.no\/en\/wp-json\/wp\/v2\/types\/page"}],"author":[{"embeddable":true,"href":"https:\/\/www.ghg.no\/en\/wp-json\/wp\/v2\/users\/2"}],"replies":[{"embeddable":true,"href":"https:\/\/www.ghg.no\/en\/wp-json\/wp\/v2\/comments?post=9929"}],"version-history":[{"count":0,"href":"https:\/\/www.ghg.no\/en\/wp-json\/wp\/v2\/pages\/9929\/revisions"}],"up":[{"embeddable":true,"href":"https:\/\/www.ghg.no\/en\/wp-json\/wp\/v2\/pages\/9801"}],"wp:attachment":[{"href":"https:\/\/www.ghg.no\/en\/wp-json\/wp\/v2\/media?parent=9929"}],"curies":[{"name":"wp","href":"https:\/\/api.w.org\/{rel}","templated":true}]}}