{"id":9959,"date":"2019-10-23T22:02:42","date_gmt":"2019-10-23T21:02:42","guid":{"rendered":"http:\/\/ghgno.wpengine.com\/?page_id=9959"},"modified":"2019-11-06T15:37:34","modified_gmt":"2019-11-06T14:37:34","slug":"transportrett","status":"publish","type":"page","link":"https:\/\/www.ghg.no\/en\/transportrett\/","title":{"rendered":"Transportation Law"},"content":{"rendered":"<div class=\"row\"><div class=\"wpv-grid grid-1-4  wpv-first-level first unextended\" style=\"padding-top:0px;padding-bottom:0px\" id=\"wpv-column-d0b5f0f824476d323f999f84bd744dde\" ><div class=\"linkarea clearfix accent3 background-transparent\" style=\"height: 556px;\" tabindex=\"1\" data-href=\"\/practice\/Transportrett\/\" data-target=\"_self\">\n<div class=\"first\">\n<div class=\"thumbnail\" style=\"text-align: center;\"><a title=\"Transportation Law\" href=\"\/en\/practice\/transportrett\/\"><br \/>\n<span class=\"icon shortcode use-hover\"><br \/>\n<i class=\"fas fa-ship\" style=\"font-size: 63px; color: #34375b;\"><\/i><br \/>\n<\/span><br \/>\n<\/a><\/div>\n<\/div>\n<div class=\"last\">\n<h3 style=\"text-align: center;\">Transportation Law<\/h3>\n<p style=\"text-align: center;\">Air, road, rail and maritime law issues<\/p>\n<p style=\"text-align: center;\">Finance<\/p>\n<p style=\"text-align: center;\">Logistics and freight forwarding<\/p>\n<p style=\"text-align: center;\">Negotiation assistance for purchase and sale<\/p>\n<p style=\"text-align: center;\">Insurance issues, coverage and liability<\/p>\n<p style=\"text-align: center;\">A reclaim<\/p>\n<\/div>\n<\/div><\/div>\n<div class=\"wpv-grid grid-1-4  wpv-first-level unextended\" style=\"padding-top:0px;padding-bottom:0px\" id=\"wpv-column-048956cd6a24b26f25e00f1f11c38b2f\" ><div class=\"linkarea clearfix accent3 background-transparent\" style=\"height: 556px;\" tabindex=\"1\" data-href=\"\/practice\/finansiering\/\" data-target=\"_self\">\n<div class=\"first\">\n<div class=\"thumbnail\" style=\"text-align: center;\"><a title=\"Finance\" href=\"\/en\/practice\/finansiering\/\"><br \/>\n<span class=\"icon shortcode use-hover\"><br \/>\n<i class=\"fas fa-dollar-sign\" style=\"font-size: 63px; color: #34375b;\"><\/i><br \/>\n<\/span><br \/>\n<\/a><\/div>\n<\/div>\n<div class=\"last\">\n<h3 style=\"text-align: center;\">Finance<\/h3>\n<p style=\"text-align: center;\">Finance<\/p>\n<p style=\"text-align: center;\">Regulatory questions<\/p>\n<p style=\"text-align: center;\">Refinancing and financial restructuring<\/p>\n<p style=\"text-align: center;\">Financing and hedging documentation<\/p>\n<p style=\"text-align: center;\">Assistance during negotiations<\/p>\n<\/div>\n<\/div><\/div>\n<div class=\"wpv-grid grid-1-4  wpv-first-level unextended\" style=\"padding-top:0px;padding-bottom:0px\" id=\"wpv-column-08b7457cc986cefced3a270f48bb17fb\" ><div class=\"linkarea clearfix accent3 background-transparent\" style=\"height: 556px;\" tabindex=\"1\" data-href=\"\/practice\/maritim\/\" data-target=\"_self\">\n<div class=\"first\">\n<div class=\"thumbnail\" style=\"text-align: center;\"><a title=\"Maritim\" href=\"\/en\/practice\/maritim\/\"><br \/>\n<span class=\"icon shortcode use-hover\"><br \/>\n<i class=\"fas fa-water\" style=\"font-size: 63px; color: #34375b;\"><\/i><br \/>\n<\/span><br \/>\n<\/a><\/div>\n<\/div>\n<div class=\"last\">\n<h3 style=\"text-align: center;\">Maritim<\/h3>\n<p style=\"text-align: center;\">Sale and purchase of ships<\/p>\n<p style=\"text-align: center;\">Financing and sale \/ leaseback<\/p>\n<p style=\"text-align: center;\">Construction, repair and other types of contracts<\/p>\n<p style=\"text-align: center;\">Accident Assistance<\/p>\n<p style=\"text-align: center;\">Dispute settlement<\/p>\n<p style=\"text-align: center;\">Insurance<\/p>\n<\/div>\n<\/div><\/div>\n<div class=\"wpv-grid grid-1-4  wpv-first-level unextended\" style=\"padding-top:0px;padding-bottom:0px\" id=\"wpv-column-8ba31eca858043df823a85b9ed83d223\" ><div class=\"linkarea clearfix accent3 background-transparent\" style=\"height: 556px;\" tabindex=\"1\" data-href=\"\/practice\/luftfart\/\" data-target=\"_self\">\n<div class=\"first\">\n<div class=\"thumbnail\" style=\"text-align: center;\"><a title=\"Aviation\" href=\"\/en\/practice\/luftfart\/\"><br \/>\n<span class=\"icon shortcode use-hover\"><br \/>\n<i class=\"fas fa-plane-departure\" style=\"font-size: 63px; color: #34375b;\"><\/i><br \/>\n<\/span><br \/>\n<\/a><\/div>\n<\/div>\n<div class=\"last\">\n<h3 style=\"text-align: center;\">Aviation<\/h3>\n<p style=\"text-align: center;\">Buying and selling aircraft<\/p>\n<p style=\"text-align: center;\">Establishment of security and safety documentation<\/p>\n<p style=\"text-align: center;\">Finance<\/p>\n<p style=\"text-align: center;\">Refinancing and financial restructuring<\/p>\n<p style=\"text-align: center;\">Preparation and establishment of leases<\/p>\n<\/div>\n<\/div><\/div><\/div>\n<div class=\"row\"><div class=\"wpv-grid grid-1-1  wpv-first-level first unextended\" style=\"padding-top:0px;padding-bottom:0px\" id=\"wpv-column-8729d5a0d71ca553a8e621fed8488aea\" ><h4 style=\"text-align: center;\">Transport law is a field with many adjacent disciplines.<\/h4><\/div><\/div>","protected":false},"excerpt":{"rendered":"<p>Transportrett Luft, vei, jernbane og sj\u00f8transportrettslige sp\u00f8rsm\u00e5l Finansiering Logistikk og spedisjon Fohandlingsbistand ved kj\u00f8p og salg Forsikringssp\u00f8rsm\u00e5l, dekningsomfang og ansvar Regresskrav Finansiering Finansiering Regulatoriske sp\u00f8rsm\u00e5l Refinansiering og finansiell restrukturering Finansierings- og sikringsdokumentasjon Bistand under forhandlinger Maritim Salg og kj\u00f8p av skip Finansiering og sale\/leaseback Bygge, reparasjon og andre typer kontrakter Havaribistand Tvistel\u00f8sning Forsikring Luftfart Kj\u00f8p&#8230;<\/p>","protected":false},"author":2,"featured_media":0,"parent":0,"menu_order":1,"comment_status":"closed","ping_status":"closed","template":"","meta":{"_acf_changed":false,"footnotes":""},"class_list":["post-9959","page","type-page","status-publish","hentry"],"acf":[],"_links":{"self":[{"href":"https:\/\/www.ghg.no\/en\/wp-json\/wp\/v2\/pages\/9959","targetHints":{"allow":["GET"]}}],"collection":[{"href":"https:\/\/www.ghg.no\/en\/wp-json\/wp\/v2\/pages"}],"about":[{"href":"https:\/\/www.ghg.no\/en\/wp-json\/wp\/v2\/types\/page"}],"author":[{"embeddable":true,"href":"https:\/\/www.ghg.no\/en\/wp-json\/wp\/v2\/users\/2"}],"replies":[{"embeddable":true,"href":"https:\/\/www.ghg.no\/en\/wp-json\/wp\/v2\/comments?post=9959"}],"version-history":[{"count":0,"href":"https:\/\/www.ghg.no\/en\/wp-json\/wp\/v2\/pages\/9959\/revisions"}],"wp:attachment":[{"href":"https:\/\/www.ghg.no\/en\/wp-json\/wp\/v2\/media?parent=9959"}],"curies":[{"name":"wp","href":"https:\/\/api.w.org\/{rel}","templated":true}]}}