{"id":9975,"date":"2019-10-29T12:45:03","date_gmt":"2019-10-29T11:45:03","guid":{"rendered":"http:\/\/ghgno.wpengine.com\/?page_id=9975"},"modified":"2019-11-21T10:43:21","modified_gmt":"2019-11-21T09:43:21","slug":"virksomhetsjus","status":"publish","type":"page","link":"https:\/\/www.ghg.no\/en\/virksomhetsjus\/","title":{"rendered":"Corporate Law"},"content":{"rendered":"<div class=\"row\"><div class=\"wpv-grid grid-1-4  wpv-first-level first unextended\" style=\"padding-top:0px;padding-bottom:0px\" id=\"wpv-column-bb5b3a4fd119b260959257d3a9febc8f\" ><div class=\"linkarea clearfix accent3 background-transparent\" style=\"height: 556px;\" tabindex=\"1\" data-href=\"\/practice\/virksomhetsjus\" data-target=\"_self\">\n<div class=\"first\">\n<div class=\"thumbnail\" style=\"text-align: center;\"><a title=\"Corporate Law\" href=\"http:\/\/ghgno.wpengine.com\/practice\/virksomhetsjus\/\"><br \/>\n<span class=\"icon shortcode use-hover\"><br \/>\n<i class=\"fas fa-suitcase\" style=\"font-size: 63px; color: #34375b;\"><\/i><br \/>\n<\/span><br \/>\n<\/a><\/div>\n<\/div>\n<div class=\"last\">\n<h3 style=\"text-align: center;\">Corporate Law<\/h3>\n<p style=\"text-align: center;\">Choice of company form and corporate structure<\/p>\n<p style=\"text-align: center;\">fundation<\/p>\n<p style=\"text-align: center;\">Corporate governance<\/p>\n<p style=\"text-align: center;\">shareholder agreements<\/p>\n<p style=\"text-align: center;\">Intra-group transactions<\/p>\n<p style=\"text-align: center;\">\n<\/div>\n<\/div><\/div>\n<div class=\"wpv-grid grid-1-4  wpv-first-level unextended\" style=\"padding-top:0px;padding-bottom:0px\" id=\"wpv-column-b605995d754594af8fe5704cde657bbf\" ><div class=\"linkarea clearfix accent3 background-transparent\" style=\"height: 556px;\" tabindex=\"1\" data-href=\"\/practice\/bors-og-verdipapirrett\/\" data-target=\"_self\">\n<div class=\"first\">\n<div class=\"thumbnail\" style=\"text-align: center;\"><a title=\"Corporate Law\" href=\"\/en\/practice\/bors-og-verdipapirrett\/\"><br \/>\n<span class=\"icon shortcode use-hover\"><br \/>\n<i class=\"fas fa-chart-line\" style=\"font-size: 63px; color: #34375b;\"><\/i><br \/>\n<\/span><br \/>\n<\/a><\/div>\n<\/div>\n<div class=\"last\">\n<h3 style=\"text-align: center;\">Stock exchange and securities law<\/h3>\n<p style=\"text-align: center;\">Listing and issues<\/p>\n<p style=\"text-align: center;\">Flag and reporting obligation<\/p>\n<p style=\"text-align: center;\">Ongoing information duty and inside information<\/p>\n<p style=\"text-align: center;\">Prospectus Requirements<\/p>\n<p style=\"text-align: center;\">Acquisition of listed companies<\/p>\n<\/div>\n<\/div><\/div>\n<div class=\"wpv-grid grid-1-4  wpv-first-level unextended\" style=\"padding-top:0px;padding-bottom:0px\" id=\"wpv-column-8208f6cb5af608770f8ab0e96ae295df\" ><div class=\"linkarea clearfix accent3 background-transparent\" style=\"height: 556px;\" tabindex=\"1\" data-href=\"\/practice\/arbeidsrett\/\" data-target=\"_self\">\n<div class=\"first\">\n<div class=\"thumbnail\" style=\"text-align: center;\"><a title=\"Corporate Law\" href=\"\/en\/practice\/arbeidsrett\/\"><br \/>\n<span class=\"icon shortcode use-hover\"><br \/>\n<i class=\"fas fa-user-friends\" style=\"font-size: 63px; color: #34375b;\"><\/i><br \/>\n<\/span><br \/>\n<\/a><\/div>\n<\/div>\n<div class=\"last\">\n<h3 style=\"text-align: center;\">Employment law<\/h3>\n<p style=\"text-align: center;\">Employment contracts<\/p>\n<p style=\"text-align: center;\">Termination of employment<\/p>\n<p style=\"text-align: center;\">Incentive schemes, etc.<\/p>\n<p style=\"text-align: center;\">Restructuring \/ downsizing \/ restructuring<\/p>\n<p style=\"text-align: center;\">All issues within HR<\/p>\n<p style=\"text-align: center;\">Privacy and control measures<\/p>\n<\/div>\n<\/div><\/div>\n<div class=\"wpv-grid grid-1-4  wpv-first-level unextended\" style=\"padding-top:0px;padding-bottom:0px\" id=\"wpv-column-d23470c1d97673b3343e095a53a159b7\" ><div class=\"linkarea clearfix accent3 background-transparent\" style=\"height: 556px;\" tabindex=\"1\" data-href=\"\/practice\/bors-og-verdipapirrett\/\" data-target=\"_self\">\n<div class=\"first\">\n<div class=\"thumbnail\" style=\"text-align: center;\"><a title=\"Corporate Law\" href=\"\/en\/practice\/bors-og-verdipapirrett\/\"><br \/>\n<span class=\"icon shortcode use-hover\"><br \/>\n<i class=\"fas fa-chart-line\" style=\"font-size: 63px; color: #34375b;\"><\/i><br \/>\n<\/span><br \/>\n<\/a><\/div>\n<\/div>\n<div class=\"last\">\n<h3 style=\"text-align: center;\">Stock exchange and securities law<\/h3>\n<p style=\"text-align: center;\">Listing and issues<\/p>\n<p style=\"text-align: center;\">Flag and reporting obligation<\/p>\n<p style=\"text-align: center;\">Ongoing information duty and inside information<\/p>\n<p style=\"text-align: center;\">Prospectus Requirements<\/p>\n<p style=\"text-align: center;\">Acquisition of listed companies<\/p>\n<\/div>\n<\/div><\/div><\/div>\n<div class=\"row\"><div class=\"wpv-grid grid-1-1  wpv-first-level first unextended\" style=\"padding-top:0px;padding-bottom:0px\" id=\"wpv-column-32ac38bb85adcd072412770a18bdcb6f\" ><h4 style=\"text-align: center;\">Corporate Law is a field with many adjacent disciplines.<\/h4><\/div><\/div>","protected":false},"excerpt":{"rendered":"<p>Virksomhetsjus Valg av selskapsform og konsernstuktur Stilftelse Corporate governance Aksjon\u00e6ravtaler Konserninterne transaksjoner B\u00f8rs- og verdipapirrett B\u00f8rsnotering og emisjoner Flagge- og meldeplikt L\u00f8pende informasjonsplikt og innsideinformasjon Prospektkrav Oppkj\u00f8p av b\u00f8rsnoterte selskaper Arbeidsrett Arbeidsavtaler Opph\u00f8r av arbeidsforhold Incentivordninger mv. Omstillinger\/nedbemanninger\/omorganiseringer Alle problemstillinger innenfor HR Personvern og kontrolltiltak B\u00f8rs- og verdipapirrett B\u00f8rsnotering og emisjoner Flagge- og meldeplikt L\u00f8pende&#8230;<\/p>","protected":false},"author":2,"featured_media":0,"parent":0,"menu_order":0,"comment_status":"closed","ping_status":"closed","template":"","meta":{"_acf_changed":false,"footnotes":""},"class_list":["post-9975","page","type-page","status-publish","hentry"],"acf":[],"_links":{"self":[{"href":"https:\/\/www.ghg.no\/en\/wp-json\/wp\/v2\/pages\/9975","targetHints":{"allow":["GET"]}}],"collection":[{"href":"https:\/\/www.ghg.no\/en\/wp-json\/wp\/v2\/pages"}],"about":[{"href":"https:\/\/www.ghg.no\/en\/wp-json\/wp\/v2\/types\/page"}],"author":[{"embeddable":true,"href":"https:\/\/www.ghg.no\/en\/wp-json\/wp\/v2\/users\/2"}],"replies":[{"embeddable":true,"href":"https:\/\/www.ghg.no\/en\/wp-json\/wp\/v2\/comments?post=9975"}],"version-history":[{"count":0,"href":"https:\/\/www.ghg.no\/en\/wp-json\/wp\/v2\/pages\/9975\/revisions"}],"wp:attachment":[{"href":"https:\/\/www.ghg.no\/en\/wp-json\/wp\/v2\/media?parent=9975"}],"curies":[{"name":"wp","href":"https:\/\/api.w.org\/{rel}","templated":true}]}}